{"id":404,"date":"2020-12-19T15:51:36","date_gmt":"2020-12-19T15:51:36","guid":{"rendered":"https:\/\/stainedglass.lt\/vitrazomuziejus\/?page_id=404"},"modified":"2020-12-22T09:10:58","modified_gmt":"2020-12-22T09:10:58","slug":"apie-projekta","status":"publish","type":"page","link":"https:\/\/stainedglass.lt\/vitrazomuziejus\/apie-projekta\/","title":{"rendered":"apie projekt\u0105"},"content":{"rendered":"<p>V\u0160\u012e \u201eVitra\u017eo manufakt\u016bra\u201c jau 16 met\u0173 savo veikla stengiasi ugdyti pagarb\u0105 paveldui, kuo pla\u010diau, \u0161iuolaikin\u0117mis priemon\u0117mis, skleisti \u017eini\u0105 apie kra\u0161to kult\u016br\u0105, sukaupt\u0105 profesin\u0119 patirt\u012f ir ne\u012fkainojam\u0105 vitra\u017eo \u2013 unikalaus monumentaliojo meno k\u016br\u0117j\u0173 palikim\u0105.. Galerija\u2013muziejus \u201eVitra\u017eo manufakt\u016bra\u201c \u012fkurta Stikli\u0173 g. 6, Vilniuje neatsitiktinai \u2013 tai miesto urbanistinio paveldo tradicijos t\u0119simas. B\u016btent \u0161ioje gatv\u0117je XVI a. imtos steigti pirmosios stiklo manufakt\u016bros. . Vitra\u017eo manufakt\u016bra- muziejus yra vienintel\u0117 vitra\u017eo meno galerija ir muziejus Lietuvoje. \u00a0Autenti\u0161kuose XVI a. r\u016bsiuose eksponuojami \u017eymiausi\u0173 Lietuvos vitra\u017eist\u0173 projektai, vitra\u017eai,\u00a0 stiklo detal\u0117s. Dauguma j\u0173 priskirtini \u00a0\u00a0XX am\u017eiui.<\/p>\n<p>Kamerin\u0117je galerijos erdv\u0117je, didelio mastelio k\u016briniai t\u0117ra pristatomi fragmenti\u0161kai \u2013 eksponuojant detales ir autenti\u0161kus projektus. Tai tarsi \u012fvadas \u012f diding\u0105 ir paslapting\u0105 \u0161viesos ir spalv\u0173 pasaul\u012f.<\/p>\n<p>Vitra\u017eas \u2013 monumentaliosios dail\u0117s \u0161aka ir\u00a0 \u0161ioje srityje sukurti darbai &#8211;\u00a0 neatsiejama architekt\u016bros dalis. Dauguma j\u0173 &#8211; itin dideli\u0173 format\u0173 \u2013 pla\u010diai pasklid\u0119 visoje Lietuvoje.<\/p>\n<p>Siekis, kuo pla\u010diau ir i\u0161samiau \u00a0pristatyti \u0161i\u0105 monumentali\u0105j\u0105 dail\u0117s \u0161ak\u0105, atsiliepiant \u012f pla\u010diosios visuomen\u0117s poreikius, pasitelktos naujausios technologijos \u2013sukurtas Virtualus Lietuvos vitra\u017e\u0173 \u017dem\u0117lapis \u2013 \u012frankis, padedantis \u012ftaigiai pristatyti pla\u010di\u0105 ir i\u0161sami\u0105 vaizdin\u0119 med\u017eiag\u0105.<\/p>\n<p>&nbsp;<\/p>\n<p>Julijos Vai\u010dien\u0117s \u00a0\u012fkurtos, V\u0161\u012f\u201eVitra\u017eo manufakt\u016bros\u201c\u00a0 galerijos- muziejaus , \u00a0ilgus metus puosel\u0117tas\u00a0 siekis,\u00a0 sukurti \u00a0\u017eem\u0117lap\u012f, kuriame b\u016bt\u0173 pa\u017eym\u0117tos vis\u0173, Lietuvoje, vie\u0161osios paskirties objektuose, sukurt\u0173 vitra\u017e\u0173 vietos, realizuojamas. Virtualaus \u017dem\u0117lapio svetain\u0117s suk\u016brimas tapo dideliu \u017eingsniu, saugant unikal\u0173 paveld\u0105. Didelis visuomen\u0117s dom\u0117jimasis unikalia meno sritimi, aktyvus ir nenuilstamas vitra\u017eo ir stiklo meninink\u0117s, galerijos darbuotojos, \u00a0Egl\u0117 Butkut\u0117, tiriamasis darbas apie Lietuvos vitra\u017eo meno raid\u0105, surinkta istorin\u0117 med\u017eiaga apie \u0161ios srities palikim\u0105 ir k\u016br\u0117jus, technologin\u0117s galimyb\u0117s ir finansin\u0117 Lietuvos Kult\u016bros Taryba parama, tapo prielaidomis s\u0117kmingam naujos svetain\u0117s startui.<\/p>\n<p>&nbsp;<\/p>\n<p>Vitra\u017eo muziejaus tikslas:<\/p>\n<p>\u012egyvendinant Lietuvos ir Europos s\u0105jungos kult\u016bros paveldo prioritetus, sukurtas \u012frankis\u00a0 reikalingas \u012ftaigiai ir\u00a0 vaizd\u017eiai pateikti unikali\u0105\u00a0 med\u017eiaga. Aktualizuoti ir didinti supratim\u0105 apie kult\u016bros paveld\u0105, Lietuvi\u0161kojo vitra\u017eo mokyklos tradicijas j\u0173 reik\u0161m\u0119 ir svarb\u0105, siekiant jas i\u0161saugoti ir perduoti ateities kartoms perkeliant informacij\u0105 \u012f elektronin\u0119 erdv\u0119. M\u016bs\u0173, kaip atminties institucijos tikslas, kaupti ir saugoti informacij\u0105 apie Lietuvoje sukurt\u0173 vitra\u017e\u0173 vietas ir autorius, didinti prieinamum\u0105, tokiu b\u016bdu padidinant kult\u016bros paveldo objekt\u0173 aktualum\u0105 ir matomum\u0105.<\/p>\n<p>Vitra\u017eo muziejaus u\u017edaviniai:<\/p>\n<ul>\n<li>Ypatingai atkreipti Lietuvos ir tarptautin\u0117s bendruomen\u0117s d\u0117mes\u012f, kad vitra\u017eas, meno \u0161aka, pastar\u0105j\u012f \u0161imtmet\u012f pla\u010diai garsinusi Lietuv\u0105, yra verta i\u0161skirtinio d\u0117mesio i\u0161saugant unikal\u0173 paveld\u0105.<\/li>\n<li>Kaupti ir sisteminti informacij\u0105 apie vis\u0173, Lietuvoje sukurt\u0173, vitra\u017e\u0173 vietas ir autorius.<\/li>\n<\/ul>\n<p>Surinkt\u0105 informacija suskaitmeninti ir perkelti \u012f virtual\u0173 \u017eem\u0117lap\u012f.<\/p>\n<ul>\n<li>Lietuvos vitra\u017eo muziejaus svetain\u0117je, talpinti informacij\u0105 apie \u0161i\u0173 dien\u0173 vitra\u017eo aktualijas, straipsnius, nuotraukas, liudijimus, i\u0161ry\u0161kinant \u2013 vitra\u017eo meno aktualum\u0105, puiki\u0105 jo derm\u0119 ir pritaikomum\u0105 \u00a0ne tik vie\u0161osiose erdv\u0117se, sakralin\u0117s paskirties pastatuose, bet ir \u0161iuolaikiniuose interjeruose &#8211; tuo prisid\u0117ti, prie Lietuvos vitra\u017eo meno mokyklos ir tradicijos i\u0161saugojimo.<\/li>\n<\/ul>\n<p>&nbsp;<\/p>\n<p>2020 metais,\u00a0 startavus \u00a0virtualaus Lietuvos Vitra\u017e\u0173 Manufakt\u016bros \u017dem\u0117lapio projektui,\u00a0 svetain\u0117 bus nuolat papildoma informacija, apie naujai sukurt\u0173 parodini\u0173 ar architekt\u016broje instaliuotus vitra\u017e\u0173 vietas. Restauruot\u0173,\u00a0 gr\u0105\u017eint\u0173 \u012f objektus k\u016brini\u0173, ar benykstan\u010di\u0173\u00a0 ir reikaling\u0173 pagalbos vitra\u017e\u0173 \u00a0likimus. Tai bus tarsi vitra\u017e\u0173 archyvavimas ir \u012fam\u017einimas, nes laikui b\u0117gant, kei\u010diantis pastat\u0173 savininkams ir statini\u0173 paskir\u010diai, \u00a0vitra\u017eai sunaikinami, perkeliami \u2013 taip prarandant k\u016brinius\u00a0 ir informacij\u0105.<\/p>\n<p>Projektas bus t\u0119stinis, ir susisteminant ir pradedant kelti turim\u0105 med\u017eiag\u0105. V\u0117liau Planuojama nuolat pildyti \u017eem\u0117lap\u012f, rinkti informacij\u0105 ir j\u0105 publikuoti svetain\u0117je. M\u016bs\u0173 kaip atminties institucijos tikslas kaupti ir saugoti informacij\u0105 apie Lietuvoje sukurt\u0173 vitra\u017e\u0173 vietas ir autorius, didinti informacijos prieinamum\u0105. Ji tarnaut\u0173 skatinant turizmo paslaugas ir vie\u0161inant Lietuvos kult\u016bros unikalum\u0105 bei pasiekimus.<\/p>\n<p>&nbsp;<\/p>\n<p>Projekt\u0105 remia Lietuvos Kult\u016bros Taryba.<\/p>\n<p>&nbsp;<\/p>\n","protected":false},"excerpt":{"rendered":"<p>V\u0160\u012e \u201eVitra\u017eo manufakt\u016bra\u201c jau 16 met\u0173 savo veikla stengiasi ugdyti pagarb\u0105 paveldui, kuo pla\u010diau, \u0161iuolaikin\u0117mis priemon\u0117mis, skleisti \u017eini\u0105 apie kra\u0161to kult\u016br\u0105, sukaupt\u0105 profesin\u0119 patirt\u012f ir ne\u012fkainojam\u0105 vitra\u017eo \u2013 unikalaus monumentaliojo meno k\u016br\u0117j\u0173 palikim\u0105.. Galerija\u2013muziejus \u201eVitra\u017eo manufakt\u016bra\u201c \u012fkurta Stikli\u0173 g. 6, Vilniuje neatsitiktinai \u2013 tai miesto urbanistinio paveldo tradicijos t\u0119simas. B\u016btent \u0161ioje gatv\u0117je XVI a. imtos [&hellip;]<\/p>\n","protected":false},"author":2,"featured_media":0,"parent":0,"menu_order":0,"comment_status":"closed","ping_status":"closed","template":"","meta":{"footnotes":""},"class_list":["post-404","page","type-page","status-publish","hentry"],"_links":{"self":[{"href":"https:\/\/stainedglass.lt\/vitrazomuziejus\/wp-json\/wp\/v2\/pages\/404","targetHints":{"allow":["GET"]}}],"collection":[{"href":"https:\/\/stainedglass.lt\/vitrazomuziejus\/wp-json\/wp\/v2\/pages"}],"about":[{"href":"https:\/\/stainedglass.lt\/vitrazomuziejus\/wp-json\/wp\/v2\/types\/page"}],"author":[{"embeddable":true,"href":"https:\/\/stainedglass.lt\/vitrazomuziejus\/wp-json\/wp\/v2\/users\/2"}],"replies":[{"embeddable":true,"href":"https:\/\/stainedglass.lt\/vitrazomuziejus\/wp-json\/wp\/v2\/comments?post=404"}],"version-history":[{"count":5,"href":"https:\/\/stainedglass.lt\/vitrazomuziejus\/wp-json\/wp\/v2\/pages\/404\/revisions"}],"predecessor-version":[{"id":581,"href":"https:\/\/stainedglass.lt\/vitrazomuziejus\/wp-json\/wp\/v2\/pages\/404\/revisions\/581"}],"wp:attachment":[{"href":"https:\/\/stainedglass.lt\/vitrazomuziejus\/wp-json\/wp\/v2\/media?parent=404"}],"curies":[{"name":"wp","href":"https:\/\/api.w.org\/{rel}","templated":true}]}}